{"id":156,"date":"2017-03-08T05:50:39","date_gmt":"2017-03-08T05:50:39","guid":{"rendered":"http:\/\/crisokabaloes.com.br\/?page_id=156"},"modified":"2021-11-03T16:20:21","modified_gmt":"2021-11-03T16:20:21","slug":"curso-de-decoracao-com-baloes-individual","status":"publish","type":"page","link":"https:\/\/crisokabaloes.com.br\/index.php\/curso-de-decoracao-com-baloes-individual\/","title":{"rendered":"Curso de Decora\u00e7\u00e3o com Bal\u00f5es e BUBBLES &#8211; Individual"},"content":{"rendered":"<p><b>Curso individual<\/b><\/p>\n<p>**Professora exclusiva**<\/p>\n<p>Voc\u00ea escolhe o dia (de segunda \u00e0 domingo);<\/p>\n<p>Voc\u00ea escolhe o hor\u00e1rio (8 horas de curso);<\/p>\n<p><strong>Local: voc\u00ea escolhe!<\/strong><\/p>\n<p>Voc\u00ea vem at\u00e9 a professora \u2013 Centro de Campinas \/ SP;<\/p>\n<p>Ou a professora vai at\u00e9 sua resid\u00eancia (Consulte valor do deslocamento);<\/p>\n<h2 style=\"text-align: center;\"><strong>Curso Presencial &#8211; 100% Pr\u00e1tico!<\/strong><\/h2>\n<p><strong>Incluso:<\/strong>\u00a0todo o material usado no dia do curso.<\/p>\n<p>***O conte\u00fado \u00e9 formulado em conjunto com o aluno no momento da inscri\u00e7\u00e3o***<\/p>\n<p>Voc\u00ea passa suas necessidades espec\u00edficas, e\u00a0ser\u00e1 ensinado exatamente o que for combinado.<\/p>\n<h2 style=\"text-align: center;\"><a href=\"https:\/\/api.whatsapp.com\/send\/?phone=5519984140695&amp;text=Ol%C3%A1%2C+como+posso+ajud%C3%A1-lo%3F&amp;app_absent=0\" target=\"_blank\" rel=\"noopener\"><span style=\"color: #000080;\">VALOR por pessoa<\/span><\/a><\/h2>\n<h4 style=\"text-align: center;\"><\/h4>\n<h4 style=\"text-align: center;\">Desconto para 2 ou mais pessoas!!!<\/h4>\n<h3 style=\"text-align: center;\"><strong>**Pacotes especiais para grupos**<\/strong><\/h3>\n<p><strong>FORMAS DE PAGAMENTO<\/strong><br \/>\n\u00c0 vista em dinheiro, Pix ou cart\u00e3o<br \/>\nAt\u00e9\u00a0<strong>12x<\/strong>\u00a0no cart\u00e3o de cr\u00e9dito<\/p>\n<h1><span style=\"color: #000080;\"><a style=\"color: #000080;\" href=\"https:\/\/api.whatsapp.com\/send\/?phone=5519984140695&amp;text=Ol%C3%A1%2C+como+posso+ajud%C3%A1-lo%3F&amp;app_absent=0\" target=\"_blank\" rel=\"noopener\">SAIBA MAIS<\/a><\/span><\/h1>\n","protected":false},"excerpt":{"rendered":"<p>Curso individual **Professora exclusiva** Voc\u00ea escolhe o dia (de segunda \u00e0 domingo); Voc\u00ea escolhe o hor\u00e1rio (8 horas de curso); Local: voc\u00ea escolhe! Voc\u00ea vem at\u00e9 a professora \u2013 Centro de Campinas \/ SP; Ou a professora vai at\u00e9 sua resid\u00eancia (Consulte valor do deslocamento); Curso Presencial &#8211; 100% Pr\u00e1tico! Incluso:\u00a0todo o material usado no <a href=\"https:\/\/crisokabaloes.com.br\/index.php\/curso-de-decoracao-com-baloes-individual\/\" rel=\"nofollow\"><span class=\"sr-only\">Leia mais sobreCurso de Decora\u00e7\u00e3o com Bal\u00f5es e BUBBLES &#8211; Individual<\/span>[&#8230;]<\/a><\/p>\n","protected":false},"author":1,"featured_media":0,"parent":0,"menu_order":0,"comment_status":"closed","ping_status":"closed","template":"template-fullwidth.php","meta":[],"yoast_head":"<!-- This site is optimized with the Yoast SEO plugin v15.6.2 - https:\/\/yoast.com\/wordpress\/plugins\/seo\/ -->\n<title>Curso de Decora\u00e7\u00e3o com Bal\u00f5es e BUBBLES - Individual - Crisoka Bal\u00f5es - Cursos de Decora\u00e7\u00e3o com Bal\u00f5es<\/title>\n<meta name=\"robots\" content=\"index, follow, max-snippet:-1, max-image-preview:large, max-video-preview:-1\" \/>\n<link rel=\"canonical\" href=\"https:\/\/crisokabaloes.com.br\/index.php\/curso-de-decoracao-com-baloes-individual\/\" \/>\n<meta property=\"og:locale\" content=\"pt_BR\" \/>\n<meta property=\"og:type\" content=\"article\" \/>\n<meta property=\"og:title\" content=\"Curso de Decora\u00e7\u00e3o com Bal\u00f5es e BUBBLES - Individual - Crisoka Bal\u00f5es - Cursos de Decora\u00e7\u00e3o com Bal\u00f5es\" \/>\n<meta property=\"og:description\" content=\"Curso individual **Professora exclusiva** Voc\u00ea escolhe o dia (de segunda \u00e0 domingo); Voc\u00ea escolhe o hor\u00e1rio (8 horas de curso); Local: voc\u00ea escolhe! Voc\u00ea vem at\u00e9 a professora \u2013 Centro de Campinas \/ SP; Ou a professora vai at\u00e9 sua resid\u00eancia (Consulte valor do deslocamento); Curso Presencial &#8211; 100% Pr\u00e1tico! Incluso:\u00a0todo o material usado no Leia mais sobreCurso de Decora\u00e7\u00e3o com Bal\u00f5es e BUBBLES &#8211; Individual[...]\" \/>\n<meta property=\"og:url\" content=\"https:\/\/crisokabaloes.com.br\/index.php\/curso-de-decoracao-com-baloes-individual\/\" \/>\n<meta property=\"og:site_name\" content=\"Crisoka Bal\u00f5es - Cursos de Decora\u00e7\u00e3o com Bal\u00f5es\" \/>\n<meta property=\"article:modified_time\" content=\"2021-11-03T16:20:21+00:00\" \/>\n<meta name=\"twitter:card\" content=\"summary_large_image\" \/>\n<meta name=\"twitter:label1\" content=\"Est. reading time\">\n\t<meta name=\"twitter:data1\" content=\"1 minuto\">\n<script type=\"application\/ld+json\" class=\"yoast-schema-graph\">{\"@context\":\"https:\/\/schema.org\",\"@graph\":[{\"@type\":\"WebSite\",\"@id\":\"https:\/\/crisokabaloes.com.br\/#website\",\"url\":\"https:\/\/crisokabaloes.com.br\/\",\"name\":\"Crisoka Bal\\u00f5es - Cursos de Decora\\u00e7\\u00e3o com Bal\\u00f5es\",\"description\":\"Cursos de Decora\\u00e7\\u00e3o com Bal\\u00f5es e Bexigas - O melhor de Campinas e Regi\\u00e3o\",\"potentialAction\":[{\"@type\":\"SearchAction\",\"target\":\"https:\/\/crisokabaloes.com.br\/?s={search_term_string}\",\"query-input\":\"required name=search_term_string\"}],\"inLanguage\":\"pt-BR\"},{\"@type\":\"WebPage\",\"@id\":\"https:\/\/crisokabaloes.com.br\/index.php\/curso-de-decoracao-com-baloes-individual\/#webpage\",\"url\":\"https:\/\/crisokabaloes.com.br\/index.php\/curso-de-decoracao-com-baloes-individual\/\",\"name\":\"Curso de Decora\\u00e7\\u00e3o com Bal\\u00f5es e BUBBLES - Individual - Crisoka Bal\\u00f5es - Cursos de Decora\\u00e7\\u00e3o com Bal\\u00f5es\",\"isPartOf\":{\"@id\":\"https:\/\/crisokabaloes.com.br\/#website\"},\"datePublished\":\"2017-03-08T05:50:39+00:00\",\"dateModified\":\"2021-11-03T16:20:21+00:00\",\"inLanguage\":\"pt-BR\",\"potentialAction\":[{\"@type\":\"ReadAction\",\"target\":[\"https:\/\/crisokabaloes.com.br\/index.php\/curso-de-decoracao-com-baloes-individual\/\"]}]}]}<\/script>\n<!-- \/ Yoast SEO plugin. -->","_links":{"self":[{"href":"https:\/\/crisokabaloes.com.br\/index.php\/wp-json\/wp\/v2\/pages\/156"}],"collection":[{"href":"https:\/\/crisokabaloes.com.br\/index.php\/wp-json\/wp\/v2\/pages"}],"about":[{"href":"https:\/\/crisokabaloes.com.br\/index.php\/wp-json\/wp\/v2\/types\/page"}],"author":[{"embeddable":true,"href":"https:\/\/crisokabaloes.com.br\/index.php\/wp-json\/wp\/v2\/users\/1"}],"replies":[{"embeddable":true,"href":"https:\/\/crisokabaloes.com.br\/index.php\/wp-json\/wp\/v2\/comments?post=156"}],"version-history":[{"count":14,"href":"https:\/\/crisokabaloes.com.br\/index.php\/wp-json\/wp\/v2\/pages\/156\/revisions"}],"predecessor-version":[{"id":359,"href":"https:\/\/crisokabaloes.com.br\/index.php\/wp-json\/wp\/v2\/pages\/156\/revisions\/359"}],"wp:attachment":[{"href":"https:\/\/crisokabaloes.com.br\/index.php\/wp-json\/wp\/v2\/media?parent=156"}],"curies":[{"name":"wp","href":"https:\/\/api.w.org\/{rel}","templated":true}]}}