{"id":149,"date":"2017-03-08T05:46:31","date_gmt":"2017-03-08T05:46:31","guid":{"rendered":"http:\/\/crisokabaloes.com.br\/?page_id=149"},"modified":"2021-11-03T14:09:01","modified_gmt":"2021-11-03T14:09:01","slug":"curso-de-decoracao-com-baloes-completo","status":"publish","type":"page","link":"https:\/\/crisokabaloes.com.br\/index.php\/curso-de-decoracao-com-baloes-completo\/","title":{"rendered":"Curso de Decora\u00e7\u00e3o com Bal\u00f5es e BUBBLES &#8211; Completo"},"content":{"rendered":"<h2 style=\"text-align: center;\"><strong>CURSO COMPLETO EM \u00daNICO DIA!!!<\/strong><\/h2>\n<h3 style=\"text-align: center;\">&#8220;B\u00e1sico, intermedi\u00e1rio e avan\u00e7ado&#8221;<\/h3>\n<h3 style=\"text-align: center;\">Com certificado<\/h3>\n<p><strong>Estamos em:<\/strong><\/p>\n<p>S\u00e3o Paulo (Capital)<\/p>\n<p>Campinas \/ SP<\/p>\n<p>Rio de Janeiro \/ RJ<\/p>\n<h3 style=\"text-align: center;\"><strong>CURSO PRESENCIAL &#8211; 100% PR\u00c1TICO!!!<\/strong><\/h3>\n<h2 style=\"text-align: center;\"><span style=\"color: #000080;\"><strong><a style=\"color: #000080;\" href=\"https:\/\/api.whatsapp.com\/send\/?phone=5519984140695&amp;text=Ol%C3%A1%2C+como+posso+ajud%C3%A1-lo%3F&amp;app_absent=0\" target=\"_blank\" rel=\"noopener\">Pr\u00f3xima Data<\/a><\/strong><\/span><\/h2>\n<p style=\"text-align: center;\">\n<h5><strong>PROGRAMA\u00c7\u00c3O<\/strong><\/h5>\n<ul>\n<li style=\"list-style-type: none;\">\n<ul>BUBBLES;<\/ul>\n<\/li>\n<li><\/li>\n<li style=\"list-style-type: none;\">\n<ul>Arco de bal\u00f5es tradicional e DESCONSTRUIDO;<\/ul>\n<\/li>\n<\/ul>\n<ul>\n<li style=\"list-style-type: none;\">\n<ul>Arco com orelha da Minnie;<\/ul>\n<\/li>\n<\/ul>\n<ul>\n<li style=\"list-style-type: none;\">\n<ul>\u00c1rvore;<\/ul>\n<\/li>\n<\/ul>\n<ul>\n<li style=\"list-style-type: none;\">\n<ul>Letras;<\/ul>\n<\/li>\n<\/ul>\n<ul>\n<li style=\"list-style-type: none;\">\n<ul>Painel 3D;<\/ul>\n<\/li>\n<\/ul>\n<ul>\n<li style=\"list-style-type: none;\">\n<ul>Moldura para pain\u00e9is;<\/ul>\n<\/li>\n<\/ul>\n<p>\u2022 Produtos e Contatos de fornecedores;<br \/>\n\u2022 Combina\u00e7\u00e3o de cores, c\u00e1lculo de espa\u00e7o e quantidade de bal\u00f5es;<br \/>\n\u2022 Como come\u00e7ar seu neg\u00f3cio &#8211; atendimento, divulga\u00e7\u00e3o, pre\u00e7o e produto;<\/p>\n<p><strong>Incluso:<\/strong>\u00a0todo o material usado no dia do curso.<\/p>\n<h2 style=\"text-align: center;\"><a href=\"https:\/\/api.whatsapp.com\/send\/?phone=5519984140695&amp;text=Ol%C3%A1%2C+como+posso+ajud%C3%A1-lo%3F&amp;app_absent=0\" target=\"_blank\" rel=\"noopener\"><strong><span style=\"color: #000080;\">VALOR por pessoa<\/span><\/strong><\/a><!--more--><\/h2>\n<h4 style=\"text-align: center;\">***Desconto para duas ou mais pessoas!!!<\/h4>\n<p><strong>FORMAS DE PAGAMENTO<\/strong><br \/>\n\u00c0 vista em dinheiro, Pix ou cart\u00e3o<br \/>\nAt\u00e9 <strong>12x<\/strong> no cart\u00e3o de cr\u00e9dito<\/p>\n<p>FA\u00c7A J\u00c1 SUA RESERVA, VAGAS LIMITADAS!!!<\/p>\n<div class=\"zerif-buttons-container\" data-scrollreveal=\"enter right after 0s over 1s\" data-sr-init=\"true\" data-sr-complete=\"true\"><a class=\"btn btn-primary custom-button blue-btn\" href=\"https:\/\/api.whatsapp.com\/send\/?phone=5519984140695&amp;text=Ol%C3%A1%2C+como+posso+ajud%C3%A1-lo%3F&amp;app_absent=0\">SAIBA MAIS<\/a><\/div>\n","protected":false},"excerpt":{"rendered":"<p>CURSO COMPLETO EM \u00daNICO DIA!!! &#8220;B\u00e1sico, intermedi\u00e1rio e avan\u00e7ado&#8221; Com certificado Estamos em: S\u00e3o Paulo (Capital) Campinas \/ SP Rio de Janeiro \/ RJ CURSO PRESENCIAL &#8211; 100% PR\u00c1TICO!!! Pr\u00f3xima Data PROGRAMA\u00c7\u00c3O BUBBLES; Arco de bal\u00f5es tradicional e DESCONSTRUIDO; Arco com orelha da Minnie; \u00c1rvore; Letras; Painel 3D; Moldura para pain\u00e9is; \u2022 Produtos e Contatos <a href=\"https:\/\/crisokabaloes.com.br\/index.php\/curso-de-decoracao-com-baloes-completo\/\" rel=\"nofollow\"><span class=\"sr-only\">Leia mais sobreCurso de Decora\u00e7\u00e3o com Bal\u00f5es e BUBBLES &#8211; Completo<\/span>[&#8230;]<\/a><\/p>\n","protected":false},"author":1,"featured_media":0,"parent":0,"menu_order":0,"comment_status":"closed","ping_status":"closed","template":"template-fullwidth.php","meta":[],"yoast_head":"<!-- This site is optimized with the Yoast SEO plugin v15.6.2 - https:\/\/yoast.com\/wordpress\/plugins\/seo\/ -->\n<title>Curso de Decora\u00e7\u00e3o com Bal\u00f5es e BUBBLES - Completo - Crisoka Bal\u00f5es - Cursos de Decora\u00e7\u00e3o com Bal\u00f5es<\/title>\n<meta name=\"description\" content=\"CURSOS DE DECORA\u00c7\u00c3O COM BAL\u00d5ES PIONEIRO EM CAMPINAS E REGI\u00c3O! Para iniciantes e profissionais que precisam aprimorar seus conhecimentos e t\u00e9cnicas. Acesse:\" \/>\n<meta name=\"robots\" content=\"index, follow, max-snippet:-1, max-image-preview:large, max-video-preview:-1\" \/>\n<link rel=\"canonical\" href=\"https:\/\/crisokabaloes.com.br\/index.php\/curso-de-decoracao-com-baloes-completo\/\" \/>\n<meta property=\"og:locale\" content=\"pt_BR\" \/>\n<meta property=\"og:type\" content=\"article\" \/>\n<meta property=\"og:title\" content=\"Curso de Decora\u00e7\u00e3o com Bal\u00f5es e BUBBLES - Completo - Crisoka Bal\u00f5es - Cursos de Decora\u00e7\u00e3o com Bal\u00f5es\" \/>\n<meta property=\"og:description\" content=\"CURSOS DE DECORA\u00c7\u00c3O COM BAL\u00d5ES PIONEIRO EM CAMPINAS E REGI\u00c3O! Para iniciantes e profissionais que precisam aprimorar seus conhecimentos e t\u00e9cnicas. Acesse:\" \/>\n<meta property=\"og:url\" content=\"https:\/\/crisokabaloes.com.br\/index.php\/curso-de-decoracao-com-baloes-completo\/\" \/>\n<meta property=\"og:site_name\" content=\"Crisoka Bal\u00f5es - Cursos de Decora\u00e7\u00e3o com Bal\u00f5es\" \/>\n<meta property=\"article:modified_time\" content=\"2021-11-03T14:09:01+00:00\" \/>\n<meta name=\"twitter:card\" content=\"summary_large_image\" \/>\n<meta name=\"twitter:label1\" content=\"Est. reading time\">\n\t<meta name=\"twitter:data1\" content=\"1 minuto\">\n<script type=\"application\/ld+json\" class=\"yoast-schema-graph\">{\"@context\":\"https:\/\/schema.org\",\"@graph\":[{\"@type\":\"WebSite\",\"@id\":\"https:\/\/crisokabaloes.com.br\/#website\",\"url\":\"https:\/\/crisokabaloes.com.br\/\",\"name\":\"Crisoka Bal\\u00f5es - Cursos de Decora\\u00e7\\u00e3o com Bal\\u00f5es\",\"description\":\"Cursos de Decora\\u00e7\\u00e3o com Bal\\u00f5es e Bexigas - O melhor de Campinas e Regi\\u00e3o\",\"potentialAction\":[{\"@type\":\"SearchAction\",\"target\":\"https:\/\/crisokabaloes.com.br\/?s={search_term_string}\",\"query-input\":\"required name=search_term_string\"}],\"inLanguage\":\"pt-BR\"},{\"@type\":\"WebPage\",\"@id\":\"https:\/\/crisokabaloes.com.br\/index.php\/curso-de-decoracao-com-baloes-completo\/#webpage\",\"url\":\"https:\/\/crisokabaloes.com.br\/index.php\/curso-de-decoracao-com-baloes-completo\/\",\"name\":\"Curso de Decora\\u00e7\\u00e3o com Bal\\u00f5es e BUBBLES - Completo - Crisoka Bal\\u00f5es - Cursos de Decora\\u00e7\\u00e3o com Bal\\u00f5es\",\"isPartOf\":{\"@id\":\"https:\/\/crisokabaloes.com.br\/#website\"},\"datePublished\":\"2017-03-08T05:46:31+00:00\",\"dateModified\":\"2021-11-03T14:09:01+00:00\",\"description\":\"CURSOS DE DECORA\\u00c7\\u00c3O COM BAL\\u00d5ES PIONEIRO EM CAMPINAS E REGI\\u00c3O! Para iniciantes e profissionais que precisam aprimorar seus conhecimentos e t\\u00e9cnicas. Acesse:\",\"inLanguage\":\"pt-BR\",\"potentialAction\":[{\"@type\":\"ReadAction\",\"target\":[\"https:\/\/crisokabaloes.com.br\/index.php\/curso-de-decoracao-com-baloes-completo\/\"]}]}]}<\/script>\n<!-- \/ Yoast SEO plugin. -->","_links":{"self":[{"href":"https:\/\/crisokabaloes.com.br\/index.php\/wp-json\/wp\/v2\/pages\/149"}],"collection":[{"href":"https:\/\/crisokabaloes.com.br\/index.php\/wp-json\/wp\/v2\/pages"}],"about":[{"href":"https:\/\/crisokabaloes.com.br\/index.php\/wp-json\/wp\/v2\/types\/page"}],"author":[{"embeddable":true,"href":"https:\/\/crisokabaloes.com.br\/index.php\/wp-json\/wp\/v2\/users\/1"}],"replies":[{"embeddable":true,"href":"https:\/\/crisokabaloes.com.br\/index.php\/wp-json\/wp\/v2\/comments?post=149"}],"version-history":[{"count":31,"href":"https:\/\/crisokabaloes.com.br\/index.php\/wp-json\/wp\/v2\/pages\/149\/revisions"}],"predecessor-version":[{"id":356,"href":"https:\/\/crisokabaloes.com.br\/index.php\/wp-json\/wp\/v2\/pages\/149\/revisions\/356"}],"wp:attachment":[{"href":"https:\/\/crisokabaloes.com.br\/index.php\/wp-json\/wp\/v2\/media?parent=149"}],"curies":[{"name":"wp","href":"https:\/\/api.w.org\/{rel}","templated":true}]}}