{"id":101,"date":"2017-02-03T12:53:41","date_gmt":"2017-02-03T12:53:41","guid":{"rendered":"http:\/\/crisokabaloes.com.br\/?page_id=101"},"modified":"2022-02-02T12:41:13","modified_gmt":"2022-02-02T12:41:13","slug":"contato-curso-decoracao-baloes","status":"publish","type":"page","link":"https:\/\/crisokabaloes.com.br\/index.php\/contato-curso-decoracao-baloes\/","title":{"rendered":"Contato"},"content":{"rendered":"<h1><span class=\"titulos\">Entre em contato com Crisoka Bal\u00f5es <\/span><\/h1>\n<h2><span class=\"titulos\">Garanta sua Vaga para os\u00a0<\/span><span class=\"textos\">Cursos de Decora\u00e7\u00e3o com Bal\u00f5es<\/span><\/h2>\n<ul>\n<li><span class=\"textos\">Fone \/ Whatsapp: 11- 91263-9264<\/span><\/li>\n<li><span class=\"textos\">Fone \/ Whatsapp: 19- 98414-0695<\/span><\/li>\n<\/ul>\n<hr \/>\n<div class=\"frm_forms  with_frm_style frm_style_formidable-style\" id=\"frm_form_2_container\" >\n<form enctype=\"multipart\/form-data\" method=\"post\" class=\"frm-show-form \" id=\"form_7rbmd\"  >\n<div class=\"frm_form_fields \">\n<fieldset>\n<legend class=\"frm_hidden\">Crisoka Bal\u00f5es Campinas<\/legend>\r\n\r\n<div class=\"frm_fields_container\">\n<input type=\"hidden\" name=\"frm_action\" value=\"create\" \/>\n<input type=\"hidden\" name=\"form_id\" value=\"2\" \/>\n<input type=\"hidden\" name=\"frm_hide_fields_2\" id=\"frm_hide_fields_2\" value=\"\" \/>\n<input type=\"hidden\" name=\"form_key\" value=\"7rbmd\" \/>\n<input type=\"hidden\" name=\"item_meta[0]\" value=\"\" \/>\n<input type=\"hidden\" id=\"frm_submit_entry_2\" name=\"frm_submit_entry_2\" value=\"9cf5704261\" \/><input type=\"hidden\" name=\"_wp_http_referer\" value=\"\/index.php\/wp-json\/wp\/v2\/pages\/101\" \/><div id=\"frm_field_8_container\" class=\"frm_form_field form-field  frm_top_container\">\r\n    <label for=\"field_voo03\" class=\"frm_primary_label\">Nome\r\n        <span class=\"frm_required\"><\/span>\r\n    <\/label>\r\n    <input type=\"text\" id=\"field_voo03\" name=\"item_meta[8]\" value=\"\"  data-invmsg=\"Nome is invalid\" aria-invalid=\"false\"  \/>\r\n    \r\n    \r\n<\/div>\n<div id=\"frm_field_9_container\" class=\"frm_form_field form-field  frm_top_container\">\r\n    <label for=\"field_rgvde\" class=\"frm_primary_label\">Email\r\n        <span class=\"frm_required\"><\/span>\r\n    <\/label>\r\n    <input type=\"email\" id=\"field_rgvde\" name=\"item_meta[9]\" value=\"\"  data-invmsg=\"Email \u00e9 inv\u00e1lido\" aria-invalid=\"false\"  \/>\r\n    \r\n    \r\n<\/div>\n<div id=\"frm_field_10_container\" class=\"frm_form_field form-field  frm_top_container\">\r\n    <label for=\"field_mj458\" class=\"frm_primary_label\">Telefone\r\n        <span class=\"frm_required\"><\/span>\r\n    <\/label>\r\n    <input type=\"text\" id=\"field_mj458\" name=\"item_meta[10]\" value=\"\"  data-invmsg=\"Telefone is invalid\" aria-invalid=\"false\"  \/>\r\n    \r\n    \r\n<\/div>\n<div id=\"frm_field_13_container\" class=\"frm_form_field form-field  frm_top_container vertical_radio\">\r\n    <label  class=\"frm_primary_label\">Escolha\r\n        <span class=\"frm_required\"><\/span>\r\n    <\/label>\r\n    <div class=\"frm_opt_container\">\t\t<div class=\"frm_checkbox\" id=\"frm_checkbox_13-2\"><label for=\"field_hvced-2\"><input type=\"checkbox\" name=\"item_meta[13][]\" id=\"field_hvced-2\" value=\"Curso de decora\u00e7\u00e3o com bal\u00f5es - Completo\"  data-invmsg=\"Escolha is invalid\" aria-invalid=\"false\"   \/> Curso de decora\u00e7\u00e3o com bal\u00f5es - Completo<\/label><\/div>\n\t\t<div class=\"frm_checkbox\" id=\"frm_checkbox_13-3\"><label for=\"field_hvced-3\"><input type=\"checkbox\" name=\"item_meta[13][]\" id=\"field_hvced-3\" value=\"Curso de decora\u00e7\u00e3o com bal\u00f5es - Individual\"  data-invmsg=\"Escolha is invalid\" aria-invalid=\"false\"   \/> Curso de decora\u00e7\u00e3o com bal\u00f5es - Individual<\/label><\/div>\n<\/div>\r\n    \r\n    \r\n<\/div>\n<div id=\"frm_field_14_container\" class=\"frm_form_field form-field  frm_top_container vertical_radio\">\r\n    <label  class=\"frm_primary_label\">Como prefere receber nosso retorno\r\n        <span class=\"frm_required\"><\/span>\r\n    <\/label>\r\n    <div class=\"frm_opt_container\">\t\t<div class=\"frm_radio\" id=\"frm_radio_14-0\"><label for=\"field_ow3yg-0\">\t\t<input type=\"radio\" name=\"item_meta[14]\" id=\"field_ow3yg-0\" value=\"Telefone\"\n\t\t   data-invmsg=\"Como prefere receber nosso retorno is invalid\" aria-invalid=\"false\"  \/> Telefone<\/label><\/div>\n\t\t<div class=\"frm_radio\" id=\"frm_radio_14-1\"><label for=\"field_ow3yg-1\">\t\t<input type=\"radio\" name=\"item_meta[14]\" id=\"field_ow3yg-1\" value=\"Whatsapp\"\n\t\t   data-invmsg=\"Como prefere receber nosso retorno is invalid\" aria-invalid=\"false\"  \/> Whatsapp<\/label><\/div>\n\t\t<div class=\"frm_radio\" id=\"frm_radio_14-2\"><label for=\"field_ow3yg-2\">\t\t<input type=\"radio\" name=\"item_meta[14]\" id=\"field_ow3yg-2\" value=\"Email\"\n\t\t   data-invmsg=\"Como prefere receber nosso retorno is invalid\" aria-invalid=\"false\"  \/> Email<\/label><\/div>\n<\/div>\r\n    \r\n    \r\n<\/div>\n<div id=\"frm_field_11_container\" class=\"frm_form_field form-field  frm_top_container\">\r\n    <label for=\"field_lk1vm\" class=\"frm_primary_label\">Escreva aqui sua mensagem\r\n        <span class=\"frm_required\"><\/span>\r\n    <\/label>\r\n    <textarea name=\"item_meta[11]\" id=\"field_lk1vm\" rows=\"5\"  data-invmsg=\"Escreva aqui sua mensagem is invalid\" aria-invalid=\"false\"  ><\/textarea>\r\n    \r\n    \r\n<\/div>\n<div id=\"frm_field_15_container\" class=\"frm_form_field form-field  frm_top_container vertical_radio\">\r\n    <label  class=\"frm_primary_label\">Bot\u00f5es de R\u00e1dio\r\n        <span class=\"frm_required\"><\/span>\r\n    <\/label>\r\n    <div class=\"frm_opt_container\">\t\t<div class=\"frm_radio\" id=\"frm_radio_15-0\"><label for=\"field_r1nvc-0\">\t\t<input type=\"radio\" name=\"item_meta[15]\" id=\"field_r1nvc-0\" value=\"Op\u00e7\u00e3o 1\"\n\t\t   data-invmsg=\"Bot\u00f5es de R\u00e1dio is invalid\" aria-invalid=\"false\"  \/> Op\u00e7\u00e3o 1<\/label><\/div>\n\t\t<div class=\"frm_radio\" id=\"frm_radio_15-1\"><label for=\"field_r1nvc-1\">\t\t<input type=\"radio\" name=\"item_meta[15]\" id=\"field_r1nvc-1\" value=\"Op\u00e7\u00e3o 2\"\n\t\t   data-invmsg=\"Bot\u00f5es de R\u00e1dio is invalid\" aria-invalid=\"false\"  \/> Op\u00e7\u00e3o 2<\/label><\/div>\n<\/div>\r\n    \r\n    \r\n<\/div>\n<input type=\"hidden\" name=\"item_key\" value=\"\" \/>\n\t<div class=\"frm_verify\" >\n\t<label for=\"frm_email_2\">\n\t\tIf you are human, leave this field blank.\t<\/label>\n\t<input type=\"email\" class=\"frm_verify\" id=\"frm_email_2\" name=\"frm_verify\" value=\"\"  \/>\n<\/div>\n\t\t<div class=\"frm_submit\">\r\n\r\n<button class=\"frm_button_submit\" type=\"submit\"  >Enviar Mensagem<\/button>\r\n\r\n<\/div><\/div>\n<\/fieldset>\n<\/div>\n<\/form>\n<\/div>\n\n<p>Local dos cursos:<\/p>\n<p>[wpgmza id=&#8221;1&#8243;]<\/p>\n","protected":false},"excerpt":{"rendered":"<p>Entre em contato com Crisoka Bal\u00f5es Garanta sua Vaga para os\u00a0Cursos de Decora\u00e7\u00e3o com Bal\u00f5es Fone \/ Whatsapp: 11- 91263-9264 Fone \/ Whatsapp: 19- 98414-0695 Local dos cursos: [wpgmza id=&#8221;1&#8243;]<\/p>\n","protected":false},"author":1,"featured_media":0,"parent":0,"menu_order":0,"comment_status":"closed","ping_status":"closed","template":"template-fullwidth.php","meta":[],"yoast_head":"<!-- This site is optimized with the Yoast SEO plugin v15.6.2 - https:\/\/yoast.com\/wordpress\/plugins\/seo\/ -->\n<title>Contato - Crisoka Bal\u00f5es - Cursos de Decora\u00e7\u00e3o com Bal\u00f5es<\/title>\n<meta name=\"robots\" content=\"index, follow, max-snippet:-1, max-image-preview:large, max-video-preview:-1\" \/>\n<link rel=\"canonical\" href=\"https:\/\/crisokabaloes.com.br\/index.php\/contato-curso-decoracao-baloes\/\" \/>\n<meta property=\"og:locale\" content=\"pt_BR\" \/>\n<meta property=\"og:type\" content=\"article\" \/>\n<meta property=\"og:title\" content=\"Contato - Crisoka Bal\u00f5es - Cursos de Decora\u00e7\u00e3o com Bal\u00f5es\" \/>\n<meta property=\"og:description\" content=\"Entre em contato com Crisoka Bal\u00f5es Garanta sua Vaga para os\u00a0Cursos de Decora\u00e7\u00e3o com Bal\u00f5es Fone \/ Whatsapp: 11- 91263-9264 Fone \/ Whatsapp: 19- 98414-0695 Local dos cursos: [wpgmza id=&#8221;1&#8243;]\" \/>\n<meta property=\"og:url\" content=\"https:\/\/crisokabaloes.com.br\/index.php\/contato-curso-decoracao-baloes\/\" \/>\n<meta property=\"og:site_name\" content=\"Crisoka Bal\u00f5es - Cursos de Decora\u00e7\u00e3o com Bal\u00f5es\" \/>\n<meta property=\"article:modified_time\" content=\"2022-02-02T12:41:13+00:00\" \/>\n<meta name=\"twitter:card\" content=\"summary_large_image\" \/>\n<meta name=\"twitter:label1\" content=\"Est. reading time\">\n\t<meta name=\"twitter:data1\" content=\"1 minuto\">\n<script type=\"application\/ld+json\" class=\"yoast-schema-graph\">{\"@context\":\"https:\/\/schema.org\",\"@graph\":[{\"@type\":\"WebSite\",\"@id\":\"https:\/\/crisokabaloes.com.br\/#website\",\"url\":\"https:\/\/crisokabaloes.com.br\/\",\"name\":\"Crisoka Bal\\u00f5es - Cursos de Decora\\u00e7\\u00e3o com Bal\\u00f5es\",\"description\":\"Cursos de Decora\\u00e7\\u00e3o com Bal\\u00f5es e Bexigas - O melhor de Campinas e Regi\\u00e3o\",\"potentialAction\":[{\"@type\":\"SearchAction\",\"target\":\"https:\/\/crisokabaloes.com.br\/?s={search_term_string}\",\"query-input\":\"required name=search_term_string\"}],\"inLanguage\":\"pt-BR\"},{\"@type\":\"WebPage\",\"@id\":\"https:\/\/crisokabaloes.com.br\/index.php\/contato-curso-decoracao-baloes\/#webpage\",\"url\":\"https:\/\/crisokabaloes.com.br\/index.php\/contato-curso-decoracao-baloes\/\",\"name\":\"Contato - Crisoka Bal\\u00f5es - Cursos de Decora\\u00e7\\u00e3o com Bal\\u00f5es\",\"isPartOf\":{\"@id\":\"https:\/\/crisokabaloes.com.br\/#website\"},\"datePublished\":\"2017-02-03T12:53:41+00:00\",\"dateModified\":\"2022-02-02T12:41:13+00:00\",\"inLanguage\":\"pt-BR\",\"potentialAction\":[{\"@type\":\"ReadAction\",\"target\":[\"https:\/\/crisokabaloes.com.br\/index.php\/contato-curso-decoracao-baloes\/\"]}]}]}<\/script>\n<!-- \/ Yoast SEO plugin. -->","_links":{"self":[{"href":"https:\/\/crisokabaloes.com.br\/index.php\/wp-json\/wp\/v2\/pages\/101"}],"collection":[{"href":"https:\/\/crisokabaloes.com.br\/index.php\/wp-json\/wp\/v2\/pages"}],"about":[{"href":"https:\/\/crisokabaloes.com.br\/index.php\/wp-json\/wp\/v2\/types\/page"}],"author":[{"embeddable":true,"href":"https:\/\/crisokabaloes.com.br\/index.php\/wp-json\/wp\/v2\/users\/1"}],"replies":[{"embeddable":true,"href":"https:\/\/crisokabaloes.com.br\/index.php\/wp-json\/wp\/v2\/comments?post=101"}],"version-history":[{"count":10,"href":"https:\/\/crisokabaloes.com.br\/index.php\/wp-json\/wp\/v2\/pages\/101\/revisions"}],"predecessor-version":[{"id":370,"href":"https:\/\/crisokabaloes.com.br\/index.php\/wp-json\/wp\/v2\/pages\/101\/revisions\/370"}],"wp:attachment":[{"href":"https:\/\/crisokabaloes.com.br\/index.php\/wp-json\/wp\/v2\/media?parent=101"}],"curies":[{"name":"wp","href":"https:\/\/api.w.org\/{rel}","templated":true}]}}